{"id":226,"date":"2018-07-01T20:18:13","date_gmt":"2018-07-01T18:18:13","guid":{"rendered":"https:\/\/tidyhome.ch\/?page_id=226"},"modified":"2019-01-05T00:22:43","modified_gmt":"2019-01-04T23:22:43","slug":"haufig-gestelltee-fragen","status":"publish","type":"page","link":"https:\/\/tidyhome.ch\/index.php\/de\/haufig-gestelltee-fragen\/","title":{"rendered":"H\u00e4ufig gestellte Fragen"},"content":{"rendered":"\r\n<h2 class=\"wp-block-heading\">Wie lange dauert mein Projekt?<\/h2>\r\n\r\n\r\n\r\n<p>Im gro\u00dfen Ganzen, \u00fcberhaupt nicht lange! Ich werde am Ende unserer ersten Sitzung einen Kostenvoranschlag machen, aber basierend auf dem durchschnittlichen Kunden dauert es 5-10 f\u00fcnfst\u00fcndige Sitzungen (25-50h), um all Ihre Dinge zu organisieren. Die Zeit, die wir brauchen, um den Sturm zu beruhigen und Ordnung in Ihr Leben zu bringen, h\u00e4ngt von f\u00fcnf Schl\u00fcsselfaktoren ab:<\/p>\r\n\r\n\r\n\r\n<ol class=\"wp-block-list\">\r\n<li>wie viele Gegenst\u00e4nde du hast.<\/li>\r\n<li>wie lange es dauert, bis Sie sich entscheiden, ob Sie etwas behalten oder nicht.<\/li>\r\n<li>wie deine Sachen organisiert sind, bevor wir anfangen.<\/li>\r\n<li>ob Sie w\u00e4hrend der Sitzungen frei von Ablenkungen sein k\u00f6nnen oder nicht.<\/li>\r\n<li>ob Sie sich daf\u00fcr entscheiden, Aufgaben zwischen den Sitzungen zu erledigen oder nicht.<\/li>\r\n<\/ol>\r\n\r\n\r\n\r\n<p>Was auch immer deine Situation ist, verzweifle nicht! Ich werde es viel einfacher machen, als wenn du es alleine angehen w\u00fcrdest. Sie werden im Handumdrehen ein \u00fcbersichtliches Zuhause haben. Wir schaffen das schon!<\/p>\r\n\r\n\r\n\r\n<h2 class=\"wp-block-heading\">Wie lange dauert jede Sitzung?<\/h2>\r\n\r\n\r\n\r\n<p>Ich implementiere ein vierst\u00fcndiges Projektminimum, um die Produktivit\u00e4t zu gew\u00e4hrleisten, empfehle jedoch die Buchung von Sitzungen in F\u00fcnf-Stunden-Bl\u00f6cken. F\u00fcnf Stunden sind ein wichtiger Punkt, an dem wir ernsthafte Fortschritte machen k\u00f6nnen, ohne \u00fcberm\u00e4\u00dfige k\u00f6rperliche und emotionale Belastung. Was auch immer wir entscheiden, ich kann flexibel auf Ihre sich \u00e4ndernden Bed\u00fcrfnisse eingehen. Du m\u00f6chtest, dass dein Raum organisiert wird? Wir werden es schaffen.<\/p>\r\n\r\n\r\n\r\n<h2 class=\"wp-block-heading\">Was kann ich tun, um mich auf meine erste Sitzung vorzubereiten?<\/h2>\r\n\r\n\r\n\r\n<p>In erster Linie, nehmen Sie sich etwas Zeit, um zu \u00fcberlegen, warum Sie organisiert werden wollen. Wie w\u00fcrden Sie sich in Ihrem neu organisierten Raum f\u00fchlen? Was m\u00f6chtest du jetzt tun, da die Unordnung weg ist und du nicht durch den Stress einer endlosen Aufr\u00e4umroutine belastet bist? Apropos aufger\u00e4umte Routine, keine Notwendigkeit, vor meiner Ankunft abzuheben! Jeder Stapel erz\u00e4hlt eine Geschichte, und diese Geschichte hilft mir, mich \u00fcber deine Gewohnheiten zu informieren. Auf diese Weise kann ich Ihnen die relevantesten Vorschl\u00e4ge machen. Wenn wir die KonMari Method\u2122 verwenden, ist es in Ihrem Interesse, W\u00e4sche zu waschen, da wir an der Kleidung arbeiten werden. Ansonsten f\u00fcttere dich selbst, schlaf ein wenig, bleib hydratisiert, und ich verspreche, das Gleiche zu tun! Die Arbeit ist viel einfacher, wenn unser Gehirn auf alle Zylinder schie\u00dft.<\/p>\r\n\r\n\r\n\r\n<h2 class=\"wp-block-heading\">Muss ich zus\u00e4tzliche Lager- oder Organisationsmittel kaufen?<\/h2>\r\n\r\n\r\n\r\n<p>Nein! Und ich empfehle es nicht. Der Kauf von Speicherplatz in der Hoffnung, dass er das wilde Tier der Desorganisation z\u00e4hmt, ist eine h\u00e4ufige Falle, die selten zum Erfolg f\u00fchrt. Bevor ich etwas vorschlage, werden wir die Gegenst\u00e4nde verwenden, die Sie bereits zu Hause haben. In den meisten F\u00e4llen ist dies ausreichend. Wenn wir im Endstadium feststellen, dass Ihr Raum mit Hilfe einiger weniger Werkzeuge aufgewertet werden kann, oder Sie eine visuelle \u00dcberarbeitung suchen, werde ich mich freuen, Empfehlungen zu geben. Schau dir mein Instagramm an, um dich inspirieren zu lassen!<\/p>\r\n\r\n\r\n\r\n<h2 class=\"wp-block-heading\">Was ist die KonMari Method\u2122?<\/h2>\r\n\r\n\r\n\r\n<p>Die KonMari Method\u2122 ist ein beliebter Organisationsansatz, der von Marie Kondo, der Autorin von The Life Changing Magic of Tidying Up, entwickelt wurde. Ihre Methode ist insofern einzigartig, als sie Besitzt\u00fcmer nach Kategorien, z.B. Kleidung, B\u00fccher, Papiere usw., und nicht nach Raum f\u00fcr Raum verarbeitet. Dies erm\u00f6glicht ein unkompliziertes und effizientes Erlebnis. Am Ende werden Sie das Gef\u00fchl haben, dass Sie Superm\u00e4chte organisieren m\u00fcssen, w\u00e4hrend Sie Erinnerungsst\u00fccke und Familienfotos mit Leichtigkeit bearbeiten! Die Methode ist am bekanntesten f\u00fcr ihre ber\u00fchmte Frage: &#8220;Funkt sie Freude?&#8221; &#8211; das Kriterium, nach dem entschieden wird, ob etwas behalten wird oder nicht. W\u00e4hrend Sparking Joy wie ein vages Konzept erscheinen mag, ist es der Schl\u00fcssel, um Ihr Organisationspotenzial zu erschlie\u00dfen. Die Sortierung Ihrer Besitzt\u00fcmer auf diese Weise f\u00fchrt zu einem sehr pers\u00f6nlichen und gut organisierten Raum, den Sie gerne pflegen. Ich setze die KonMari Method\u2122 nach M\u00f6glichkeit ein, da sie f\u00fcr die meisten Personen geeignet ist. Es ist ultraschnell, leicht zu erlernen und sehr, sehr effektiv! Es ist an der Zeit, die Macht \u00fcber deinen Besitz zur\u00fcckzuerobern!<\/p>\r\n\r\n\r\n\r\n<h2 class=\"wp-block-heading\">Was ist, wenn ich etwas nicht wegwerfen will?<\/h2>\r\n\r\n\r\n\r\n<p>Dann sage ich: Behalte es! Es gibt absolut keinen Druck, etwas wegzuwerfen, das man behalten m\u00f6chte. Alle Entscheidungen m\u00fcssen selbst\u00e4ndig getroffen werden und ich bin zuversichtlich, dass Du grossartige Entscheidungen treffen werden! Wenn du dich irgendwann einmal verloren f\u00fchlst, zeige ich dir den Weg!<\/p>\r\n\r\n\r\n\r\n<h2 class=\"wp-block-heading\">Wirst du meine Informationen weitergeben?<\/h2>\r\n\r\n\r\n\r\n<p>Die Beauftragung eines Organisators kann eine intime Angelegenheit sein, deshalb nehme ich den Datenschutz sehr ernst. Ich werde niemals Informationen weitergeben, weder Fotos noch andere, ohne vorher Ihre Zustimmung einzuholen. Hast du etwas, das ich nicht sehen soll? Kein Problem! Z\u00f6gern Sie nicht, es aus dem Bereich zu entfernen, bevor wir anfangen. Allerdings werde ich ohne Ihre Erlaubnis niemals Schubladen \u00f6ffnen oder gar mit Ihren Sachen umgehen. Dein Komfort ist meine oberste Priorit\u00e4t.<\/p>\r\n\r\n\r\n\r\n<h2 class=\"wp-block-heading\">Wo k\u00f6nnen Sie arbeiten?<\/h2>\r\n\r\n\r\n\r\n<p>Ich arbeite im gesamten Raum Z\u00fcrich ohne zus\u00e4tzliche Kosten. Wenn Sie ausserhalb der Region Z\u00fcrich sind und gerne zusammenarbeiten m\u00f6chten, nehmen Sie bitte Kontakt mit uns auf! Ich erstelle Ihnen einen Kostenvoranschlag, der alle damit verbundenen Reisekosten beinhaltet.<\/p>\r\n\r\n\r\n\r\n<h2 class=\"wp-block-heading\">Was passiert, wenn ich einen Termin verschieben muss?<\/h2>\r\n\r\n\r\n\r\n<p>Kein Problem! Bei einer Stornierung von Sitzungen mit einer Frist von weniger als 48 Stunden wird jedoch der vereinbarte Preis oder die vereinbarte Zeit berechnet.<\/p>\r\n\r\n\r\n\r\n<h2 class=\"wp-block-heading\">Welche Zahlungsmethoden akzeptieren Sie?<\/h2>\r\n\r\n\r\n\r\n<p>Ich akzeptiere Bargeld, Twint, PayPal und Bank\u00fcberweisung. Bitte beachten Sie, dass die Zahlung am Ende jedes sessio f\u00e4llig ist.<\/p>\r\n","protected":false},"excerpt":{"rendered":"<p>Wie lange dauert mein Projekt? Im gro\u00dfen Ganzen, \u00fcberhaupt nicht lange! Ich werde am Ende unserer ersten Sitzung einen Kostenvoranschlag &hellip; <a href=\"https:\/\/tidyhome.ch\/index.php\/de\/haufig-gestelltee-fragen\/\" class=\"more-link\">Continue reading <span class=\"screen-reader-text\">H\u00e4ufig gestellte Fragen<\/span><\/a><\/p>\n","protected":false},"author":1,"featured_media":0,"parent":0,"menu_order":0,"comment_status":"closed","ping_status":"closed","template":"","meta":{"_joinchat":[],"footnotes":""},"class_list":["post-226","page","type-page","status-publish","hentry"],"yoast_head":"<!-- This site is optimized with the Yoast SEO plugin v27.3 - https:\/\/yoast.com\/product\/yoast-seo-wordpress\/ -->\n<title>H\u00e4ufig gestellte Fragen - tidyhome.ch<\/title>\n<meta name=\"robots\" content=\"index, follow, max-snippet:-1, max-image-preview:large, max-video-preview:-1\" \/>\n<link rel=\"canonical\" href=\"https:\/\/tidyhome.ch\/index.php\/de\/haufig-gestelltee-fragen\/\" \/>\n<meta property=\"og:locale\" content=\"en_GB\" \/>\n<meta property=\"og:type\" content=\"article\" \/>\n<meta property=\"og:title\" content=\"H\u00e4ufig gestellte Fragen - tidyhome.ch\" \/>\n<meta property=\"og:description\" content=\"Wie lange dauert mein Projekt? Im gro\u00dfen Ganzen, \u00fcberhaupt nicht lange! Ich werde am Ende unserer ersten Sitzung einen Kostenvoranschlag &hellip; Continue reading H\u00e4ufig gestellte Fragen\" \/>\n<meta property=\"og:url\" content=\"https:\/\/tidyhome.ch\/index.php\/de\/haufig-gestelltee-fragen\/\" \/>\n<meta property=\"og:site_name\" content=\"tidyhome.ch\" \/>\n<meta property=\"article:publisher\" content=\"https:\/\/www.facebook.com\/tidyhometidymind\/\" \/>\n<meta property=\"article:modified_time\" content=\"2019-01-04T23:22:43+00:00\" \/>\n<meta name=\"twitter:card\" content=\"summary_large_image\" \/>\n<meta name=\"twitter:label1\" content=\"Estimated reading time\" \/>\n\t<meta name=\"twitter:data1\" content=\"5 minutes\" \/>\n<script type=\"application\/ld+json\" class=\"yoast-schema-graph\">{\"@context\":\"https:\\\/\\\/schema.org\",\"@graph\":[{\"@type\":\"WebPage\",\"@id\":\"https:\\\/\\\/tidyhome.ch\\\/index.php\\\/de\\\/haufig-gestelltee-fragen\\\/\",\"url\":\"https:\\\/\\\/tidyhome.ch\\\/index.php\\\/de\\\/haufig-gestelltee-fragen\\\/\",\"name\":\"H\u00e4ufig gestellte Fragen - tidyhome.ch\",\"isPartOf\":{\"@id\":\"https:\\\/\\\/tidyhome.ch\\\/#website\"},\"datePublished\":\"2018-07-01T18:18:13+00:00\",\"dateModified\":\"2019-01-04T23:22:43+00:00\",\"breadcrumb\":{\"@id\":\"https:\\\/\\\/tidyhome.ch\\\/index.php\\\/de\\\/haufig-gestelltee-fragen\\\/#breadcrumb\"},\"inLanguage\":\"en-GB\",\"potentialAction\":[{\"@type\":\"ReadAction\",\"target\":[\"https:\\\/\\\/tidyhome.ch\\\/index.php\\\/de\\\/haufig-gestelltee-fragen\\\/\"]}]},{\"@type\":\"BreadcrumbList\",\"@id\":\"https:\\\/\\\/tidyhome.ch\\\/index.php\\\/de\\\/haufig-gestelltee-fragen\\\/#breadcrumb\",\"itemListElement\":[{\"@type\":\"ListItem\",\"position\":1,\"name\":\"Home\",\"item\":\"https:\\\/\\\/tidyhome.ch\\\/\"},{\"@type\":\"ListItem\",\"position\":2,\"name\":\"H\u00e4ufig gestellte Fragen\"}]},{\"@type\":\"WebSite\",\"@id\":\"https:\\\/\\\/tidyhome.ch\\\/#website\",\"url\":\"https:\\\/\\\/tidyhome.ch\\\/\",\"name\":\"tidyhome.ch\",\"description\":\"tidy home tidy mind\",\"potentialAction\":[{\"@type\":\"SearchAction\",\"target\":{\"@type\":\"EntryPoint\",\"urlTemplate\":\"https:\\\/\\\/tidyhome.ch\\\/?s={search_term_string}\"},\"query-input\":{\"@type\":\"PropertyValueSpecification\",\"valueRequired\":true,\"valueName\":\"search_term_string\"}}],\"inLanguage\":\"en-GB\"}]}<\/script>\n<!-- \/ Yoast SEO plugin. -->","yoast_head_json":{"title":"H\u00e4ufig gestellte Fragen - tidyhome.ch","robots":{"index":"index","follow":"follow","max-snippet":"max-snippet:-1","max-image-preview":"max-image-preview:large","max-video-preview":"max-video-preview:-1"},"canonical":"https:\/\/tidyhome.ch\/index.php\/de\/haufig-gestelltee-fragen\/","og_locale":"en_GB","og_type":"article","og_title":"H\u00e4ufig gestellte Fragen - tidyhome.ch","og_description":"Wie lange dauert mein Projekt? Im gro\u00dfen Ganzen, \u00fcberhaupt nicht lange! Ich werde am Ende unserer ersten Sitzung einen Kostenvoranschlag &hellip; Continue reading H\u00e4ufig gestellte Fragen","og_url":"https:\/\/tidyhome.ch\/index.php\/de\/haufig-gestelltee-fragen\/","og_site_name":"tidyhome.ch","article_publisher":"https:\/\/www.facebook.com\/tidyhometidymind\/","article_modified_time":"2019-01-04T23:22:43+00:00","twitter_card":"summary_large_image","twitter_misc":{"Estimated reading time":"5 minutes"},"schema":{"@context":"https:\/\/schema.org","@graph":[{"@type":"WebPage","@id":"https:\/\/tidyhome.ch\/index.php\/de\/haufig-gestelltee-fragen\/","url":"https:\/\/tidyhome.ch\/index.php\/de\/haufig-gestelltee-fragen\/","name":"H\u00e4ufig gestellte Fragen - tidyhome.ch","isPartOf":{"@id":"https:\/\/tidyhome.ch\/#website"},"datePublished":"2018-07-01T18:18:13+00:00","dateModified":"2019-01-04T23:22:43+00:00","breadcrumb":{"@id":"https:\/\/tidyhome.ch\/index.php\/de\/haufig-gestelltee-fragen\/#breadcrumb"},"inLanguage":"en-GB","potentialAction":[{"@type":"ReadAction","target":["https:\/\/tidyhome.ch\/index.php\/de\/haufig-gestelltee-fragen\/"]}]},{"@type":"BreadcrumbList","@id":"https:\/\/tidyhome.ch\/index.php\/de\/haufig-gestelltee-fragen\/#breadcrumb","itemListElement":[{"@type":"ListItem","position":1,"name":"Home","item":"https:\/\/tidyhome.ch\/"},{"@type":"ListItem","position":2,"name":"H\u00e4ufig gestellte Fragen"}]},{"@type":"WebSite","@id":"https:\/\/tidyhome.ch\/#website","url":"https:\/\/tidyhome.ch\/","name":"tidyhome.ch","description":"tidy home tidy mind","potentialAction":[{"@type":"SearchAction","target":{"@type":"EntryPoint","urlTemplate":"https:\/\/tidyhome.ch\/?s={search_term_string}"},"query-input":{"@type":"PropertyValueSpecification","valueRequired":true,"valueName":"search_term_string"}}],"inLanguage":"en-GB"}]}},"jetpack_sharing_enabled":true,"_links":{"self":[{"href":"https:\/\/tidyhome.ch\/index.php\/wp-json\/wp\/v2\/pages\/226","targetHints":{"allow":["GET"]}}],"collection":[{"href":"https:\/\/tidyhome.ch\/index.php\/wp-json\/wp\/v2\/pages"}],"about":[{"href":"https:\/\/tidyhome.ch\/index.php\/wp-json\/wp\/v2\/types\/page"}],"author":[{"embeddable":true,"href":"https:\/\/tidyhome.ch\/index.php\/wp-json\/wp\/v2\/users\/1"}],"replies":[{"embeddable":true,"href":"https:\/\/tidyhome.ch\/index.php\/wp-json\/wp\/v2\/comments?post=226"}],"version-history":[{"count":0,"href":"https:\/\/tidyhome.ch\/index.php\/wp-json\/wp\/v2\/pages\/226\/revisions"}],"wp:attachment":[{"href":"https:\/\/tidyhome.ch\/index.php\/wp-json\/wp\/v2\/media?parent=226"}],"curies":[{"name":"wp","href":"https:\/\/api.w.org\/{rel}","templated":true}]}}