{"id":223,"date":"2018-07-01T20:01:56","date_gmt":"2018-07-01T18:01:56","guid":{"rendered":"https:\/\/tidyhome.ch\/?page_id=223"},"modified":"2019-01-30T12:37:44","modified_gmt":"2019-01-30T11:37:44","slug":"haufig-gestellte-fragen","status":"publish","type":"page","link":"https:\/\/tidyhome.ch\/index.php\/de\/haufig-gestellte-fragen\/","title":{"rendered":"Ben\u00f6tige ich ein Aufr\u00e4um Coaching?"},"content":{"rendered":"\n<h3 class=\"wp-block-heading\">Bist du st\u00e4ndig zu sp\u00e4t zur Arbeit gekommen, weil du in deinem \u00fcberf\u00fcllten Schrank nichts zum Anziehen finden kannst? <\/h3>\n\n\n\n<p>Ich helfe dir, deine Kleidung zu ordnen, damit du nur noch die richtige Menge an Kleidung hast, die dir Freude bereitet, und wir werden sie so aufbewahren, dass du auf einen Blick wei\u00dft, was es gibt, so dass wertvolle Zeit damit zu verschwenden, sich anzuziehen, der Vergangenheit angeh\u00f6rt. <\/p>\n\n\n\n<h3 class=\"wp-block-heading\">Bist du frustriert, weil du deine Ziele wie Ern\u00e4hrung, Fitness, Beziehung und Karriere nicht erreichst und nicht weisst, warum? <\/h3>\n\n\n\n<p>Gemeinsam werden wir herausfinden, was Ihnen durch die Kunst des Aufr\u00e4umens im Weg steht, damit Sie aufh\u00f6ren k\u00f6nnen, diese ungesunden Muster zu wiederholen und Ihr pers\u00f6nliches Bestes sein k\u00f6nnen<\/p>\n\n\n\n<h3 class=\"wp-block-heading\">Bist du st\u00e4ndig auf der Suche nach Gegenst\u00e4nden im ganzen Haus wie Memory-Sticks, Scheren, Batterien usw.? <\/h3>\n\n\n\n<p>Sobald Sie Ihr Zuhause organisiert haben, haben Sie nur noch die Gegenst\u00e4nde, die Freude an Ihren Fingerspitzen hervorrufen, indem Sie jede Kategorie an einem bestimmten Ort speichern, damit Sie keine Zeit mehr mit der Suche verschwenden. <\/p>\n\n\n\n<h3 class=\"wp-block-heading\">Findest du es schwer, dich zu entspannen und dich zu Hause mit all deinem Durcheinander zu konzentrieren, so dass du dir Ausreden ausdenkst, um nicht nach Hause zu gehen? <\/h3>\n\n\n\n<p>Ich helfe dir, einen Raum zu schaffen, der entspannend, einladend und gesellschaftsf\u00e4hig ist, den auch du nie mehr verlassen willst. <\/p>\n\n\n\n<h3 class=\"wp-block-heading\">Bist du der Meinung, dass du \u00f6fter essen bestellst, als du m\u00f6chtest, weil du zu sehr mit deinen endlosen Listen besch\u00e4ftigt bist, anstatt Zeit zu haben, Mahlzeiten in deiner eigenen K\u00fcche zuzubereiten? <\/h3>\n\n\n\n<p>Sobald Sie den Aufr\u00e4umvorgang ein f\u00fcr allemal abgeschlossen haben, haben Sie mehr Zeit, in Ihrer K\u00fcche zu kochen, zu lesen oder was Sie sonst noch gerne tun. <\/p>\n\n\n\n<h3 class=\"wp-block-heading\">Hast du Familien gemischt oder mit bist du mir deinem Partner zusammen gezogen und habt ihr jetzt alles doppelt und und nicht genug Platz? <\/h3>\n\n\n\n<p>Durch meine pers\u00f6nliche und berufliche Erfahrung werde ich dich und deine Familie durch den Aufr\u00e4umprozess f\u00fchren und unterst\u00fctzen, nur das zu behalten, was der Familie Freude bereitet.  Am Ende wird es gen\u00fcgend Stauraum f\u00fcr das, was \u00fcbrig bleibt, geben. <\/p>\n\n\n\n<h3 class=\"wp-block-heading\">Bist du es leid, \u00fcberall von Papierstapeln umgeben zu sein, von denen du nicht einmal weisst, was auf ihnen ist?<\/h3>\n\n\n\n<p>W\u00e4hrend des Aufr\u00e4umens werden wir jedes dieser Papiere durchgehen und entscheiden, was damit geschehen soll. Ich garantiere dir, dass du die meisten Papiere wegwirfst und die, die du aufbewahrst, auf eine Weise aufbewahrst, die f\u00fcr dich funktioniert. <\/p>\n","protected":false},"excerpt":{"rendered":"<p>Bist du st\u00e4ndig zu sp\u00e4t zur Arbeit gekommen, weil du in deinem \u00fcberf\u00fcllten Schrank nichts zum Anziehen finden kannst? Ich &hellip; <a href=\"https:\/\/tidyhome.ch\/index.php\/de\/haufig-gestellte-fragen\/\" class=\"more-link\">Continue reading <span class=\"screen-reader-text\">Ben\u00f6tige ich ein Aufr\u00e4um Coaching?<\/span><\/a><\/p>\n","protected":false},"author":1,"featured_media":0,"parent":0,"menu_order":0,"comment_status":"closed","ping_status":"closed","template":"","meta":{"_joinchat":[],"footnotes":""},"class_list":["post-223","page","type-page","status-publish","hentry"],"yoast_head":"<!-- This site is optimized with the Yoast SEO plugin v27.3 - https:\/\/yoast.com\/product\/yoast-seo-wordpress\/ -->\n<title>Ben\u00f6tige ich ein Aufr\u00e4um Coaching? - tidyhome.ch<\/title>\n<meta name=\"robots\" content=\"index, follow, max-snippet:-1, max-image-preview:large, max-video-preview:-1\" \/>\n<link rel=\"canonical\" href=\"https:\/\/tidyhome.ch\/index.php\/de\/haufig-gestellte-fragen\/\" \/>\n<meta property=\"og:locale\" content=\"en_GB\" \/>\n<meta property=\"og:type\" content=\"article\" \/>\n<meta property=\"og:title\" content=\"Ben\u00f6tige ich ein Aufr\u00e4um Coaching? - tidyhome.ch\" \/>\n<meta property=\"og:description\" content=\"Bist du st\u00e4ndig zu sp\u00e4t zur Arbeit gekommen, weil du in deinem \u00fcberf\u00fcllten Schrank nichts zum Anziehen finden kannst? Ich &hellip; Continue reading Ben\u00f6tige ich ein Aufr\u00e4um Coaching?\" \/>\n<meta property=\"og:url\" content=\"https:\/\/tidyhome.ch\/index.php\/de\/haufig-gestellte-fragen\/\" \/>\n<meta property=\"og:site_name\" content=\"tidyhome.ch\" \/>\n<meta property=\"article:publisher\" content=\"https:\/\/www.facebook.com\/tidyhometidymind\/\" \/>\n<meta property=\"article:modified_time\" content=\"2019-01-30T11:37:44+00:00\" \/>\n<meta name=\"twitter:card\" content=\"summary_large_image\" \/>\n<meta name=\"twitter:label1\" content=\"Estimated reading time\" \/>\n\t<meta name=\"twitter:data1\" content=\"2 minutes\" \/>\n<script type=\"application\/ld+json\" class=\"yoast-schema-graph\">{\"@context\":\"https:\\\/\\\/schema.org\",\"@graph\":[{\"@type\":\"WebPage\",\"@id\":\"https:\\\/\\\/tidyhome.ch\\\/index.php\\\/de\\\/haufig-gestellte-fragen\\\/\",\"url\":\"https:\\\/\\\/tidyhome.ch\\\/index.php\\\/de\\\/haufig-gestellte-fragen\\\/\",\"name\":\"Ben\u00f6tige ich ein Aufr\u00e4um Coaching? - tidyhome.ch\",\"isPartOf\":{\"@id\":\"https:\\\/\\\/tidyhome.ch\\\/#website\"},\"datePublished\":\"2018-07-01T18:01:56+00:00\",\"dateModified\":\"2019-01-30T11:37:44+00:00\",\"breadcrumb\":{\"@id\":\"https:\\\/\\\/tidyhome.ch\\\/index.php\\\/de\\\/haufig-gestellte-fragen\\\/#breadcrumb\"},\"inLanguage\":\"en-GB\",\"potentialAction\":[{\"@type\":\"ReadAction\",\"target\":[\"https:\\\/\\\/tidyhome.ch\\\/index.php\\\/de\\\/haufig-gestellte-fragen\\\/\"]}]},{\"@type\":\"BreadcrumbList\",\"@id\":\"https:\\\/\\\/tidyhome.ch\\\/index.php\\\/de\\\/haufig-gestellte-fragen\\\/#breadcrumb\",\"itemListElement\":[{\"@type\":\"ListItem\",\"position\":1,\"name\":\"Home\",\"item\":\"https:\\\/\\\/tidyhome.ch\\\/\"},{\"@type\":\"ListItem\",\"position\":2,\"name\":\"Ben\u00f6tige ich ein Aufr\u00e4um Coaching?\"}]},{\"@type\":\"WebSite\",\"@id\":\"https:\\\/\\\/tidyhome.ch\\\/#website\",\"url\":\"https:\\\/\\\/tidyhome.ch\\\/\",\"name\":\"tidyhome.ch\",\"description\":\"tidy home tidy mind\",\"potentialAction\":[{\"@type\":\"SearchAction\",\"target\":{\"@type\":\"EntryPoint\",\"urlTemplate\":\"https:\\\/\\\/tidyhome.ch\\\/?s={search_term_string}\"},\"query-input\":{\"@type\":\"PropertyValueSpecification\",\"valueRequired\":true,\"valueName\":\"search_term_string\"}}],\"inLanguage\":\"en-GB\"}]}<\/script>\n<!-- \/ Yoast SEO plugin. -->","yoast_head_json":{"title":"Ben\u00f6tige ich ein Aufr\u00e4um Coaching? - tidyhome.ch","robots":{"index":"index","follow":"follow","max-snippet":"max-snippet:-1","max-image-preview":"max-image-preview:large","max-video-preview":"max-video-preview:-1"},"canonical":"https:\/\/tidyhome.ch\/index.php\/de\/haufig-gestellte-fragen\/","og_locale":"en_GB","og_type":"article","og_title":"Ben\u00f6tige ich ein Aufr\u00e4um Coaching? - tidyhome.ch","og_description":"Bist du st\u00e4ndig zu sp\u00e4t zur Arbeit gekommen, weil du in deinem \u00fcberf\u00fcllten Schrank nichts zum Anziehen finden kannst? Ich &hellip; Continue reading Ben\u00f6tige ich ein Aufr\u00e4um Coaching?","og_url":"https:\/\/tidyhome.ch\/index.php\/de\/haufig-gestellte-fragen\/","og_site_name":"tidyhome.ch","article_publisher":"https:\/\/www.facebook.com\/tidyhometidymind\/","article_modified_time":"2019-01-30T11:37:44+00:00","twitter_card":"summary_large_image","twitter_misc":{"Estimated reading time":"2 minutes"},"schema":{"@context":"https:\/\/schema.org","@graph":[{"@type":"WebPage","@id":"https:\/\/tidyhome.ch\/index.php\/de\/haufig-gestellte-fragen\/","url":"https:\/\/tidyhome.ch\/index.php\/de\/haufig-gestellte-fragen\/","name":"Ben\u00f6tige ich ein Aufr\u00e4um Coaching? - tidyhome.ch","isPartOf":{"@id":"https:\/\/tidyhome.ch\/#website"},"datePublished":"2018-07-01T18:01:56+00:00","dateModified":"2019-01-30T11:37:44+00:00","breadcrumb":{"@id":"https:\/\/tidyhome.ch\/index.php\/de\/haufig-gestellte-fragen\/#breadcrumb"},"inLanguage":"en-GB","potentialAction":[{"@type":"ReadAction","target":["https:\/\/tidyhome.ch\/index.php\/de\/haufig-gestellte-fragen\/"]}]},{"@type":"BreadcrumbList","@id":"https:\/\/tidyhome.ch\/index.php\/de\/haufig-gestellte-fragen\/#breadcrumb","itemListElement":[{"@type":"ListItem","position":1,"name":"Home","item":"https:\/\/tidyhome.ch\/"},{"@type":"ListItem","position":2,"name":"Ben\u00f6tige ich ein Aufr\u00e4um Coaching?"}]},{"@type":"WebSite","@id":"https:\/\/tidyhome.ch\/#website","url":"https:\/\/tidyhome.ch\/","name":"tidyhome.ch","description":"tidy home tidy mind","potentialAction":[{"@type":"SearchAction","target":{"@type":"EntryPoint","urlTemplate":"https:\/\/tidyhome.ch\/?s={search_term_string}"},"query-input":{"@type":"PropertyValueSpecification","valueRequired":true,"valueName":"search_term_string"}}],"inLanguage":"en-GB"}]}},"jetpack_sharing_enabled":true,"_links":{"self":[{"href":"https:\/\/tidyhome.ch\/index.php\/wp-json\/wp\/v2\/pages\/223","targetHints":{"allow":["GET"]}}],"collection":[{"href":"https:\/\/tidyhome.ch\/index.php\/wp-json\/wp\/v2\/pages"}],"about":[{"href":"https:\/\/tidyhome.ch\/index.php\/wp-json\/wp\/v2\/types\/page"}],"author":[{"embeddable":true,"href":"https:\/\/tidyhome.ch\/index.php\/wp-json\/wp\/v2\/users\/1"}],"replies":[{"embeddable":true,"href":"https:\/\/tidyhome.ch\/index.php\/wp-json\/wp\/v2\/comments?post=223"}],"version-history":[{"count":0,"href":"https:\/\/tidyhome.ch\/index.php\/wp-json\/wp\/v2\/pages\/223\/revisions"}],"wp:attachment":[{"href":"https:\/\/tidyhome.ch\/index.php\/wp-json\/wp\/v2\/media?parent=223"}],"curies":[{"name":"wp","href":"https:\/\/api.w.org\/{rel}","templated":true}]}}